{"id":1944,"date":"2017-11-23T10:21:03","date_gmt":"2017-11-23T10:21:03","guid":{"rendered":"http:\/\/eliott-markus.tech\/armengaud-guerlain.com\/?page_id=1944"},"modified":"2019-05-10T13:26:26","modified_gmt":"2019-05-10T13:26:26","slug":"credits-photos","status":"publish","type":"page","link":"https:\/\/armengaud-guerlain.com\/es\/credits-photos\/","title":{"rendered":"Cr\u00e9ditos de fotos"},"content":{"rendered":"<p>Todo el sitio Armengaud Guerlain, es decir (lista no exhaustiva): la estructura del sitio, contenidos, fotos, art\u00edculos, informaci\u00f3n, pictogramas, textos, logotipos (en adelante &#8220;contenidos&#8221;) est\u00e1n protegidos por el derecho de propiedad intelectual\u00a0y son plena y entera propiedad de Armengaud Guerlain.<\/p>\n<p>Toda copia, reproducci\u00f3n, representaci\u00f3n, distribuci\u00f3n, publicaci\u00f3n de forma permanente o provisional de la totalidad o parte de los contenidos de este sitio est\u00e1 estrictamente prohibida.<\/p>\n<p>Tambi\u00e9n se proh\u00edbe la creaci\u00f3n de obras dedicadas a partir de los contenidos del sitio, modificar, adaptar, organizar todo o parte del contenido del sitio web oratio-avocats.com.<\/p>\n<p>El usuario se compromete a no volver a explotar o reutilizar, total o parcialmente los contenidos del sitio Web sin citar a Armengaud Guerlain.<\/p>\n<p>Cabe recordar que de conformidad con el art\u00edculo L.122-4 del C\u00f3digo de la propiedad intelectual, toda representaci\u00f3n o reproducci\u00f3n no autorizada expresamente, total o parcial y por un procedimiento cualquiera, es ilegal y constituye una falsificaci\u00f3n sancionada por los art\u00edculos L.335-2 y siguientes del C\u00f3digo de la propiedad intelectual.<\/p>\n","protected":false},"excerpt":{"rendered":"<p>Todo el sitio Armengaud Guerlain, es decir (lista no exhaustiva): la estructura [&hellip;]<\/p>\n","protected":false},"author":5,"featured_media":0,"parent":0,"menu_order":0,"comment_status":"closed","ping_status":"closed","template":"pages\/mentions.php","meta":{"_acf_changed":false,"inline_featured_image":false,"footnotes":""},"class_list":["post-1944","page","type-page","status-publish","hentry"],"acf":[],"_links":{"self":[{"href":"https:\/\/armengaud-guerlain.com\/es\/wp-json\/wp\/v2\/pages\/1944","targetHints":{"allow":["GET"]}}],"collection":[{"href":"https:\/\/armengaud-guerlain.com\/es\/wp-json\/wp\/v2\/pages"}],"about":[{"href":"https:\/\/armengaud-guerlain.com\/es\/wp-json\/wp\/v2\/types\/page"}],"author":[{"embeddable":true,"href":"https:\/\/armengaud-guerlain.com\/es\/wp-json\/wp\/v2\/users\/5"}],"replies":[{"embeddable":true,"href":"https:\/\/armengaud-guerlain.com\/es\/wp-json\/wp\/v2\/comments?post=1944"}],"version-history":[{"count":6,"href":"https:\/\/armengaud-guerlain.com\/es\/wp-json\/wp\/v2\/pages\/1944\/revisions"}],"predecessor-version":[{"id":4548,"href":"https:\/\/armengaud-guerlain.com\/es\/wp-json\/wp\/v2\/pages\/1944\/revisions\/4548"}],"wp:attachment":[{"href":"https:\/\/armengaud-guerlain.com\/es\/wp-json\/wp\/v2\/media?parent=1944"}],"curies":[{"name":"wp","href":"https:\/\/api.w.org\/{rel}","templated":true}]}}