{"id":1946,"date":"2017-11-22T12:33:42","date_gmt":"2017-11-22T12:33:42","guid":{"rendered":"http:\/\/eliott-markus.tech\/armengaud-guerlain.com\/?page_id=1946"},"modified":"2019-05-10T13:25:48","modified_gmt":"2019-05-10T13:25:48","slug":"mentions","status":"publish","type":"page","link":"https:\/\/armengaud-guerlain.com\/es\/mentions\/","title":{"rendered":"Notas legales"},"content":{"rendered":"<p>El Sitio web Armengaud Guerlain est\u00e1 editado por el Bufete Armengaud Guerlain, que ejerce bajo la forma de una sociedad en participaci\u00f3n de abogados con sede en 12 avenue Victor Hugo \u2013 75116 PAR\u00cdS \u2013 Fax + 33 (0)1 40 54 78 57.<\/p>\n<p>El sitio web ha sido sometido al Colegio de Abogados de Par\u00eds.<\/p>\n<p>El director de publicaci\u00f3n del sitio web es St\u00e9phane Guerlain.<\/p>\n<p>El proveedor de alojamiento del sitio web es Infomaniak<\/p>\n<p>El Bufete Armengaud Guerlain se reserva el derecho, en cualquier momento, de modificar y\/o interrumpir, temporal o definitivamente, todo o parte del sitio web.<\/p>\n<p>Informaci\u00f3n contenida en el sitio web<\/p>\n<p>La informaci\u00f3n contenida en el sitio web s\u00f3lo tiene car\u00e1cter informativo y no puede considerarse como un acto de asesoramiento jur\u00eddico, una gesti\u00f3n, una solicitud y\/o una oferta de servicios.<\/p>\n<p><strong>Informaci\u00f3n contenida en el sitio web<\/strong><\/p>\n<p>La informaci\u00f3n contenida en el sitio web s\u00f3lo tiene car\u00e1cter informativo y no puede considerarse como un acto de asesoramiento jur\u00eddico, una gesti\u00f3n, una solicitud y\/o una oferta de servicios.<\/p>\n<p>Cada usuario es el \u00fanico responsable del uso que hace de la informaci\u00f3n contenida en el sitio web.<\/p>\n<p><strong>Derechos de\u00a0<u>Propiedad intelectual<\/u><\/strong><\/p>\n<p>Los elementos contenidos en el sitio web, incluidos los textos, presentaciones, ilustraciones, fotograf\u00edas, est\u00e1n protegidos por derechos de propiedad intelectual.<\/p>\n<p>Cualquier reproducci\u00f3n o representaci\u00f3n, incluso parcial, de estos elementos, con otros fines distintos a un uso privativo en un soporte cualquiera, est\u00e1 prohibida pudiendo comprometer la responsabilidad civil o penal de su autor.<\/p>\n<p><strong>Enlaces hipertextos<\/strong><\/p>\n<p>La creaci\u00f3n de un hiperenlace hacia el sitio web requiere la autorizaci\u00f3n previa y escrita del Bufete Armengaud Guerlain.<\/p>\n<p>&nbsp;<\/p>\n","protected":false},"excerpt":{"rendered":"<p>El Sitio web Armengaud Guerlain est\u00e1 editado por el Bufete Armengaud Guerlain, [&hellip;]<\/p>\n","protected":false},"author":5,"featured_media":0,"parent":0,"menu_order":0,"comment_status":"closed","ping_status":"closed","template":"pages\/mentions.php","meta":{"_acf_changed":false,"inline_featured_image":false,"footnotes":""},"class_list":["post-1946","page","type-page","status-publish","hentry"],"acf":[],"_links":{"self":[{"href":"https:\/\/armengaud-guerlain.com\/es\/wp-json\/wp\/v2\/pages\/1946","targetHints":{"allow":["GET"]}}],"collection":[{"href":"https:\/\/armengaud-guerlain.com\/es\/wp-json\/wp\/v2\/pages"}],"about":[{"href":"https:\/\/armengaud-guerlain.com\/es\/wp-json\/wp\/v2\/types\/page"}],"author":[{"embeddable":true,"href":"https:\/\/armengaud-guerlain.com\/es\/wp-json\/wp\/v2\/users\/5"}],"replies":[{"embeddable":true,"href":"https:\/\/armengaud-guerlain.com\/es\/wp-json\/wp\/v2\/comments?post=1946"}],"version-history":[{"count":6,"href":"https:\/\/armengaud-guerlain.com\/es\/wp-json\/wp\/v2\/pages\/1946\/revisions"}],"predecessor-version":[{"id":4546,"href":"https:\/\/armengaud-guerlain.com\/es\/wp-json\/wp\/v2\/pages\/1946\/revisions\/4546"}],"wp:attachment":[{"href":"https:\/\/armengaud-guerlain.com\/es\/wp-json\/wp\/v2\/media?parent=1946"}],"curies":[{"name":"wp","href":"https:\/\/api.w.org\/{rel}","templated":true}]}}