{"id":1950,"date":"2017-11-17T10:33:54","date_gmt":"2017-11-17T10:33:54","guid":{"rendered":"http:\/\/eliott-markus.tech\/armengaud-guerlain.com\/?page_id=1950"},"modified":"2019-05-10T13:24:19","modified_gmt":"2019-05-10T13:24:19","slug":"business-cases","status":"publish","type":"page","link":"https:\/\/armengaud-guerlain.com\/es\/business-cases\/","title":{"rendered":"Business cases"},"content":{"rendered":"<p style=\"text-align: left;\">Armengaud Guerlain ha basado su reputaci\u00f3n espec\u00edficamente en sus m\u00faltiples \u00e9xitos en contenciosos<\/p>\n<p style=\"text-align: left;\">Su experiencia en el \u00e1mbito de los litigios le permite brindar un asesoramiento acertado sobre las estrategias de propiedad intelectual.<\/p>\n","protected":false},"excerpt":{"rendered":"<p>Armengaud Guerlain ha basado su reputaci\u00f3n espec\u00edficamente en sus m\u00faltiples \u00e9xitos en [&hellip;]<\/p>\n","protected":false},"author":5,"featured_media":0,"parent":0,"menu_order":0,"comment_status":"closed","ping_status":"closed","template":"pages\/buisiness-cases.php","meta":{"_acf_changed":false,"inline_featured_image":false,"footnotes":""},"class_list":["post-1950","page","type-page","status-publish","hentry"],"acf":[],"_links":{"self":[{"href":"https:\/\/armengaud-guerlain.com\/es\/wp-json\/wp\/v2\/pages\/1950","targetHints":{"allow":["GET"]}}],"collection":[{"href":"https:\/\/armengaud-guerlain.com\/es\/wp-json\/wp\/v2\/pages"}],"about":[{"href":"https:\/\/armengaud-guerlain.com\/es\/wp-json\/wp\/v2\/types\/page"}],"author":[{"embeddable":true,"href":"https:\/\/armengaud-guerlain.com\/es\/wp-json\/wp\/v2\/users\/5"}],"replies":[{"embeddable":true,"href":"https:\/\/armengaud-guerlain.com\/es\/wp-json\/wp\/v2\/comments?post=1950"}],"version-history":[{"count":10,"href":"https:\/\/armengaud-guerlain.com\/es\/wp-json\/wp\/v2\/pages\/1950\/revisions"}],"predecessor-version":[{"id":4544,"href":"https:\/\/armengaud-guerlain.com\/es\/wp-json\/wp\/v2\/pages\/1950\/revisions\/4544"}],"wp:attachment":[{"href":"https:\/\/armengaud-guerlain.com\/es\/wp-json\/wp\/v2\/media?parent=1950"}],"curies":[{"name":"wp","href":"https:\/\/api.w.org\/{rel}","templated":true}]}}