{"id":1954,"date":"2017-11-17T10:33:10","date_gmt":"2017-11-17T10:33:10","guid":{"rendered":"http:\/\/eliott-markus.tech\/armengaud-guerlain.com\/?page_id=1954"},"modified":"2023-10-04T10:59:08","modified_gmt":"2023-10-04T08:59:08","slug":"equipe","status":"publish","type":"page","link":"https:\/\/armengaud-guerlain.com\/es\/equipe\/","title":{"rendered":"Equipo"},"content":{"rendered":"<p style=\"text-align: justify;\">Nuestro equipo es la expresi\u00f3n de m\u00e1s de dos d\u00e9cadas de las mejores pr\u00e1cticas en propiedad intelectual.<\/p>\n<p style=\"text-align: justify;\">Nuestros abogados se desmarcan por su comprensi\u00f3n inmediata de los retos estrat\u00e9gicos, su r\u00e1pida capacidad de reacci\u00f3n en los casos de alto inter\u00e9s y su compromiso para defender lo mejor posible los intereses de sus clientes.<\/p>\n<p style=\"text-align: justify;\">Nuestra intervenci\u00f3n se basa en la confianza. Vers\u00e1tiles, nuestros equipos destacan en actividades tanto de asesoramiento como de contencioso en los casos tratados.<\/p>\n","protected":false},"excerpt":{"rendered":"<p>Nuestro equipo es la expresi\u00f3n de m\u00e1s de dos d\u00e9cadas de las [&hellip;]<\/p>\n","protected":false},"author":5,"featured_media":0,"parent":0,"menu_order":0,"comment_status":"closed","ping_status":"closed","template":"pages\/equipe.php","meta":{"_acf_changed":false,"inline_featured_image":false,"footnotes":""},"class_list":["post-1954","page","type-page","status-publish","hentry"],"acf":[],"_links":{"self":[{"href":"https:\/\/armengaud-guerlain.com\/es\/wp-json\/wp\/v2\/pages\/1954","targetHints":{"allow":["GET"]}}],"collection":[{"href":"https:\/\/armengaud-guerlain.com\/es\/wp-json\/wp\/v2\/pages"}],"about":[{"href":"https:\/\/armengaud-guerlain.com\/es\/wp-json\/wp\/v2\/types\/page"}],"author":[{"embeddable":true,"href":"https:\/\/armengaud-guerlain.com\/es\/wp-json\/wp\/v2\/users\/5"}],"replies":[{"embeddable":true,"href":"https:\/\/armengaud-guerlain.com\/es\/wp-json\/wp\/v2\/comments?post=1954"}],"version-history":[{"count":11,"href":"https:\/\/armengaud-guerlain.com\/es\/wp-json\/wp\/v2\/pages\/1954\/revisions"}],"predecessor-version":[{"id":5092,"href":"https:\/\/armengaud-guerlain.com\/es\/wp-json\/wp\/v2\/pages\/1954\/revisions\/5092"}],"wp:attachment":[{"href":"https:\/\/armengaud-guerlain.com\/es\/wp-json\/wp\/v2\/media?parent=1954"}],"curies":[{"name":"wp","href":"https:\/\/api.w.org\/{rel}","templated":true}]}}